{"id":50,"date":"2025-03-06T12:16:26","date_gmt":"2025-03-06T11:16:26","guid":{"rendered":"http:\/\/www.auquai.eu\/?page_id=50"},"modified":"2026-02-11T14:18:44","modified_gmt":"2026-02-11T13:18:44","slug":"portfolio","status":"publish","type":"page","link":"https:\/\/www.auquai.eu\/","title":{"rendered":"R\u00e9alisations"},"content":{"rendered":"\n<p class=\"has-text-align-center has-text-color has-link-color wp-elements-00979733e263a2481dca34d7b7312f5d\" style=\"color:#f23665\"><strong>Actualit\u00e9<\/strong><\/p>\n\n\n\n<div class=\"wp-block-columns is-layout-flex wp-container-core-columns-is-layout-9d6595d7 wp-block-columns-is-layout-flex\">\n<div class=\"wp-block-column is-layout-flow wp-block-column-is-layout-flow\">\n<figure class=\"wp-block-image size-full is-style-rounded\"><a href=\"http:\/\/www.auquai.eu\/index.php\/avant-senne\/\"><img loading=\"lazy\" decoding=\"async\" width=\"750\" height=\"750\" src=\"http:\/\/www.auquai.eu\/wp-content\/uploads\/2025\/04\/Axonocarre2.gif\" alt=\"\" class=\"wp-image-284\"\/><\/a><figcaption class=\"wp-element-caption\"><em><sub>L&#8217;<strong>Avant Senne<\/strong><\/sub><\/em> <sub>&#8211; occupation temporaire &#8211;<\/sub><br><sub> jardin r\u00e9g\u00e9n\u00e9ratif artistique, social et culturel<\/sub><\/figcaption><\/figure>\n<\/div>\n\n\n\n<div class=\"wp-block-column is-layout-flow wp-block-column-is-layout-flow\"><\/div>\n\n\n\n<div class=\"wp-block-column is-layout-flow wp-block-column-is-layout-flow\"><\/div>\n<\/div>\n\n\n\n<p class=\"has-vivid-red-color has-text-color has-link-color has-large-font-size wp-elements-3de7ac63b3c069bc40f28fc9e9fd5257\"><sub><em><strong>..on restructure le site en ce moment&#8230; bient\u00f4t les autres projets, en cours ou pass\u00e9s, du collectif auQuai mis en ligne&#8230;<\/strong><\/em><\/sub><\/p>\n\n\n\n<p class=\"has-text-align-center\"><strong>R\u00e9alisations<\/strong><\/p>\n\n\n\n<div class=\"wp-block-columns is-layout-flex wp-container-core-columns-is-layout-9d6595d7 wp-block-columns-is-layout-flex\">\n<div class=\"wp-block-column is-layout-flow wp-block-column-is-layout-flow\">\n<figure class=\"wp-block-image size-full is-style-rounded\"><a href=\"http:\/\/www.auquai.eu\/index.php\/marchatonaise\/\"><img loading=\"lazy\" decoding=\"async\" width=\"750\" height=\"750\" src=\"http:\/\/www.auquai.eu\/wp-content\/uploads\/2025\/03\/flyer-marchatonaise-2025carrex.gif\" alt=\"\" class=\"wp-image-171\"\/><\/a><figcaption class=\"wp-element-caption\"><em><sub><strong>MArch&#8217;\u00e0TonAise<\/strong><\/sub><\/em> <sub>&#8211; \u00e9v\u00e9nement<\/sub><\/figcaption><\/figure>\n<\/div>\n\n\n\n<div class=\"wp-block-column is-layout-flow wp-block-column-is-layout-flow\">\n<div class=\"wp-block-group\"><div class=\"wp-block-group__inner-container is-layout-constrained wp-block-group-is-layout-constrained\">\n<figure class=\"wp-block-gallery has-nested-images columns-default is-cropped wp-block-gallery-1 is-layout-flex wp-block-gallery-is-layout-flex\">\n<figure class=\"wp-block-image size-full is-style-rounded\"><a href=\"https:\/\/www.auquai.eu\/index.php\/swing-and-dream\/\"><img loading=\"lazy\" decoding=\"async\" width=\"450\" height=\"450\" data-id=\"486\" src=\"https:\/\/www.auquai.eu\/wp-content\/uploads\/2026\/02\/20241005_100155_b-1.gif\" alt=\"\" class=\"wp-image-486\"\/><\/a><figcaption class=\"wp-element-caption\"><em><strong>Swing &amp; Dream<\/strong><\/em> &#8211; installation &#8211; Art+People 2024<\/figcaption><\/figure>\n<\/figure>\n<\/div><\/div>\n<\/div>\n\n\n\n<div class=\"wp-block-column is-layout-flow wp-block-column-is-layout-flow\"><\/div>\n<\/div>\n\n\n\n<div class=\"wp-block-columns is-layout-flex wp-container-core-columns-is-layout-9d6595d7 wp-block-columns-is-layout-flex\">\n<div class=\"wp-block-column is-layout-flow wp-block-column-is-layout-flow\">\n<figure class=\"wp-block-image size-full is-style-rounded\"><a href=\"https:\/\/www.auquai.eu\/index.php\/in-de-nuages\/\"><img loading=\"lazy\" decoding=\"async\" width=\"667\" height=\"667\" src=\"http:\/\/www.auquai.eu\/wp-content\/uploads\/2025\/08\/ZD8K_5494carre.gif\" alt=\"\" class=\"wp-image-407\"\/><\/a><figcaption class=\"wp-element-caption\"><strong><strong><sub><em>In de Nuages &#8211; <\/em><\/sub><\/strong><\/strong><sub>coordination artistique<\/sub> <sub>zinnode &#8211;  Zinneke Parade 2016<\/sub><\/figcaption><\/figure>\n<\/div>\n\n\n\n<div class=\"wp-block-column is-layout-flow wp-block-column-is-layout-flow\"><\/div>\n\n\n\n<div class=\"wp-block-column is-layout-flow wp-block-column-is-layout-flow\"><\/div>\n<\/div>\n\n\n\n<div class=\"wp-block-columns is-layout-flex wp-container-core-columns-is-layout-9d6595d7 wp-block-columns-is-layout-flex\">\n<div class=\"wp-block-column is-layout-flow wp-block-column-is-layout-flow\">\n<figure class=\"wp-block-image size-full is-style-rounded\"><a href=\"http:\/\/www.auquai.eu\/index.php\/ilot-vert\/\"><img loading=\"lazy\" decoding=\"async\" width=\"750\" height=\"750\" src=\"http:\/\/www.auquai.eu\/wp-content\/uploads\/2025\/03\/ilotvert0.gif\" alt=\"\" class=\"wp-image-240\"\/><\/a><figcaption class=\"wp-element-caption\"><strong><em><sub>L&#8217;\u00eelot vert <\/sub><\/em><\/strong><sub>&#8211; construction participative et installation vivante<\/sub><\/figcaption><\/figure>\n<\/div>\n\n\n\n<div class=\"wp-block-column is-layout-flow wp-block-column-is-layout-flow\">\n<figure class=\"wp-block-image size-full is-style-rounded\"><a href=\"http:\/\/www.auquai.eu\/index.php\/exponatagora\/\"><img loading=\"lazy\" decoding=\"async\" width=\"750\" height=\"750\" src=\"http:\/\/www.auquai.eu\/wp-content\/uploads\/2025\/03\/decanalensenne0.gif\" alt=\"\" class=\"wp-image-237\"\/><\/a><figcaption class=\"wp-element-caption\"><strong><em><sub>Biodiversit\u00e9 entre Canal et Senne <\/sub><\/em><\/strong><sub>&#8211; sc\u00e9nographie<\/sub><\/figcaption><\/figure>\n<\/div>\n\n\n\n<div class=\"wp-block-column is-layout-flow wp-block-column-is-layout-flow\">\n<figure class=\"wp-block-image size-full is-style-rounded\"><a href=\"http:\/\/www.auquai.eu\/index.php\/arbre-a-palabre\/\"><img loading=\"lazy\" decoding=\"async\" width=\"750\" height=\"750\" src=\"http:\/\/www.auquai.eu\/wp-content\/uploads\/2025\/03\/arbrepalabre0b.gif\" alt=\"\" class=\"wp-image-147\"\/><\/a><figcaption class=\"wp-element-caption\"><em><sub><strong>Arbre \u00e0 palabre -Esperanzah 2014<\/strong><\/sub><\/em><sub> &#8211; installation interactive<\/sub><\/figcaption><\/figure>\n<\/div>\n<\/div>\n\n\n\n<p><\/p>\n","protected":false},"excerpt":{"rendered":"<p>Actualit\u00e9 ..on restructure le site en ce moment&#8230; bient\u00f4t les autres projets, en cours ou pass\u00e9s, du collectif auQuai mis en ligne&#8230; R\u00e9alisations<\/p>\n","protected":false},"author":1,"featured_media":0,"parent":0,"menu_order":0,"comment_status":"closed","ping_status":"closed","template":"","meta":{"footnotes":""},"class_list":["post-50","page","type-page","status-publish","hentry"],"_links":{"self":[{"href":"https:\/\/www.auquai.eu\/index.php\/wp-json\/wp\/v2\/pages\/50","targetHints":{"allow":["GET"]}}],"collection":[{"href":"https:\/\/www.auquai.eu\/index.php\/wp-json\/wp\/v2\/pages"}],"about":[{"href":"https:\/\/www.auquai.eu\/index.php\/wp-json\/wp\/v2\/types\/page"}],"author":[{"embeddable":true,"href":"https:\/\/www.auquai.eu\/index.php\/wp-json\/wp\/v2\/users\/1"}],"replies":[{"embeddable":true,"href":"https:\/\/www.auquai.eu\/index.php\/wp-json\/wp\/v2\/comments?post=50"}],"version-history":[{"count":58,"href":"https:\/\/www.auquai.eu\/index.php\/wp-json\/wp\/v2\/pages\/50\/revisions"}],"predecessor-version":[{"id":488,"href":"https:\/\/www.auquai.eu\/index.php\/wp-json\/wp\/v2\/pages\/50\/revisions\/488"}],"wp:attachment":[{"href":"https:\/\/www.auquai.eu\/index.php\/wp-json\/wp\/v2\/media?parent=50"}],"curies":[{"name":"wp","href":"https:\/\/api.w.org\/{rel}","templated":true}]}}