{"id":44,"date":"2025-03-06T12:11:10","date_gmt":"2025-03-06T11:11:10","guid":{"rendered":"http:\/\/www.auquai.eu\/?page_id=44"},"modified":"2025-04-11T13:29:58","modified_gmt":"2025-04-11T11:29:58","slug":"contact","status":"publish","type":"page","link":"https:\/\/www.auquai.eu\/index.php\/contact\/","title":{"rendered":"contact"},"content":{"rendered":"<div class=\"wp-block-image\">\n<figure class=\"alignright size-full is-resized\"><img loading=\"lazy\" decoding=\"async\" width=\"700\" height=\"525\" src=\"http:\/\/www.auquai.eu\/wp-content\/uploads\/2025\/03\/corazon.gif\" alt=\"\" class=\"wp-image-75\" style=\"width:593px;height:auto\"\/><\/figure>\n<\/div>\n\n\n<p class=\"has-text-align-right\"><strong>collectif auQuai<\/strong> asbl<\/p>\n\n\n\n<p class=\"has-text-align-right\">atelier et si\u00e8ge social<\/p>\n\n\n\n<p class=\"has-text-align-right\" style=\"font-style:normal;font-weight:400\">3 rue des Visitandines <em>boite 61<\/em><\/p>\n\n\n\n<p class=\"has-text-align-right\" style=\"font-style:normal;font-weight:400\">1000 Bruxelles<\/p>\n\n\n\n<p class=\"has-text-align-right has-text-color has-link-color wp-elements-e910accc63bdcb45242a463808fb04ea\" style=\"color:#f8658a\"><a href=\"mailto:auquai@gmail.com\">auquai@gmail.com<\/a><\/p>\n\n\n\n<p class=\"has-text-align-right\">&#8230;    <\/p>\n\n\n\n<p class=\"has-text-align-right\"><strong>Avant Senne<\/strong><\/p>\n\n\n\n<p class=\"has-text-align-right\">105 rue des V\u00e9t\u00e9rinaires<\/p>\n\n\n\n<p class=\"has-text-align-right\">1070 Anderlecht<\/p>\n\n\n\n<p><\/p>\n","protected":false},"excerpt":{"rendered":"<p>collectif auQuai asbl atelier et si\u00e8ge social 3 rue des Visitandines boite 61 1000 Bruxelles auquai@gmail.com &#8230; Avant Senne 105 rue des V\u00e9t\u00e9rinaires 1070 Anderlecht<\/p>\n","protected":false},"author":1,"featured_media":0,"parent":0,"menu_order":0,"comment_status":"closed","ping_status":"closed","template":"","meta":{"footnotes":""},"class_list":["post-44","page","type-page","status-publish","hentry"],"_links":{"self":[{"href":"https:\/\/www.auquai.eu\/index.php\/wp-json\/wp\/v2\/pages\/44","targetHints":{"allow":["GET"]}}],"collection":[{"href":"https:\/\/www.auquai.eu\/index.php\/wp-json\/wp\/v2\/pages"}],"about":[{"href":"https:\/\/www.auquai.eu\/index.php\/wp-json\/wp\/v2\/types\/page"}],"author":[{"embeddable":true,"href":"https:\/\/www.auquai.eu\/index.php\/wp-json\/wp\/v2\/users\/1"}],"replies":[{"embeddable":true,"href":"https:\/\/www.auquai.eu\/index.php\/wp-json\/wp\/v2\/comments?post=44"}],"version-history":[{"count":8,"href":"https:\/\/www.auquai.eu\/index.php\/wp-json\/wp\/v2\/pages\/44\/revisions"}],"predecessor-version":[{"id":298,"href":"https:\/\/www.auquai.eu\/index.php\/wp-json\/wp\/v2\/pages\/44\/revisions\/298"}],"wp:attachment":[{"href":"https:\/\/www.auquai.eu\/index.php\/wp-json\/wp\/v2\/media?parent=44"}],"curies":[{"name":"wp","href":"https:\/\/api.w.org\/{rel}","templated":true}]}}