{"id":269,"date":"2025-04-11T12:46:23","date_gmt":"2025-04-11T10:46:23","guid":{"rendered":"http:\/\/www.auquai.eu\/?page_id=269"},"modified":"2025-06-05T15:20:06","modified_gmt":"2025-06-05T13:20:06","slug":"avant-senne","status":"publish","type":"page","link":"https:\/\/www.auquai.eu\/index.php\/avant-senne\/","title":{"rendered":"avant Senne"},"content":{"rendered":"\n<p class=\"has-luminous-vivid-orange-color has-text-color has-link-color has-large-font-size wp-elements-e065b296b1b3fa9b1504d30da8ceb972\"><strong>Avant Senne<\/strong><\/p>\n\n\n\n<p class=\"has-text-color has-link-color has-medium-font-size wp-elements-d1e4c119b3167e9bab47b365f54a57c0\" style=\"color:#fa8c3d\">                                              <strong>jardin r\u00e9g\u00e9n\u00e9ratif socio-culturel<\/strong><\/p>\n\n\n\n<p><strong>Avant Senne<\/strong> est une <strong>occupation temporaire<\/strong>, de l&#8217;ancien site de la station Shell de la rue des V\u00e9t\u00e9rinaires (105), conventionn\u00e9e avec la Commune d&#8217;Anderlecht, dans le cadre du Contrat de R\u00e9novation Urbaine 7. Le site est destin\u00e9 \u00e0 devenir l&#8217;entr\u00e9e du futur &#8220;parc des deux gares&#8221;.<\/p>\n\n\n\n<figure class=\"wp-block-image size-full is-resized\"><img loading=\"lazy\" decoding=\"async\" width=\"1000\" height=\"450\" src=\"http:\/\/www.auquai.eu\/wp-content\/uploads\/2025\/04\/situation.gif\" alt=\"\" class=\"wp-image-270\" style=\"width:442px;height:auto\"\/><figcaption class=\"wp-element-caption\">                                                                                                                                                 <em><sub><sup>situation initiale<\/sup><\/sub><\/em><\/figcaption><\/figure>\n\n\n\n<p>Du terrain remis \u00e0 nu, le collectif auQuai cr\u00e9e un <strong>lieu v\u00e9g\u00e9talis\u00e9 r\u00e9g\u00e9n\u00e9ratif et \u00e9volutif,<\/strong> une lisi\u00e8re urbaine, un <strong>paysage artistique, color\u00e9 et po\u00e9tique<\/strong> en mouvement favorisant une <strong>appropriation douce<\/strong> par la nature et par les populations locales, <strong>une confluence<\/strong> entre la tranquillit\u00e9 naturelle actuelle des berges de la Senne (qui disparait au niveau du site et passe en souterain sous l&#8217;Avant Senne) et l\u2019effervescence urbaine du carrefour rue de France \/ rue des V\u00e9t\u00e9rinaires.<\/p>\n\n\n\n<p><strong>Avant Senne<\/strong> est un <strong>jardin r\u00e9g\u00e9n\u00e9ratif socio-culturel<\/strong>, un lieu partag\u00e9, ouvert aux bruxellois.es o\u00f9 biodiversit\u00e9 et activit\u00e9s humaines coexistent avec des ateliers cr\u00e9atifs, des approches p\u00e9dagogiques li\u00e9es \u00e0 la nature, des \u00e9v\u00e9nements culturels, des cantines ouvertes, des rencontres et autres initiatives citoyennes, etc&#8230;<\/p>\n\n\n\n<p class=\"has-background\" style=\"background-color:#fde39b\"><strong>Vous \u00eates habitant.e \u00e0 proximit\u00e9 (ou \u00e9loign\u00e9.e \ud83d\ude09 ), vous avez le d\u00e9sir de participer, vous voulez avoir plus d&#8217;infos,<\/strong><\/p>\n\n\n\n<p class=\"has-background\" style=\"background-color:#fde39b\"><strong>contactez-nous via <a href=\"mailto:info@auquai.eu\">info@auquai.eu<\/a><\/strong><\/p>\n\n\n\n<p><em>Une premi\u00e8re \u00e9tape d&#8217;am\u00e9nagement est en cours de r\u00e9alisation (mars\/mai\/juin), avant l&#8217;ouverture au public.<\/em><\/p>\n\n\n\n<figure class=\"wp-block-image size-full\"><img loading=\"lazy\" decoding=\"async\" width=\"1000\" height=\"686\" src=\"http:\/\/www.auquai.eu\/wp-content\/uploads\/2025\/04\/esquisse2.gif\" alt=\"\" class=\"wp-image-303\"\/><\/figure>\n\n\n\n<p>&#8230;<\/p>\n\n\n\n<p style=\"font-size:10px\"><strong>Station des Services<\/strong> pour l\u2019accueil du public et des activit\u00e9s avec:<br>1 container de stockage logistique (outils, ustensiles, etc..) et 1 container d\u2019accueil et atelier.<br>1 espace cuisine ext\u00e9rieure avec \u00e9viers et tables.<br>1 four \u00e0 pain auto-construit en participatif.<br>commodit\u00e9s sanitaires pour un meilleur accueil.<br>1 espace guinguette en comptoirs mobiles.<br>1 zone propret\u00e9 (gestion des d\u00e9chets).<br>1 serre pour des plantations.<br>acc\u00e8s \u00e0 l\u2019eau et \u00e0 l\u2019\u00e9lectricit\u00e9.<br>d\u2019autres fonctions \u00e0 d\u00e9finir en cours d\u2019occupation avec les partenaires\u2026<\/p>\n\n\n\n<p style=\"font-size:10px\"><strong>Mise en Senne<\/strong>, une mise en sc\u00e8ne symbolique de la Senne, sous la forme d\u2019une installation landart m\u00ealant eau, v\u00e9g\u00e9taux, palissade et \u00e9critures, comme une continuit\u00e9 de la Senne, tout en m\u00e9diatisant sa pr\u00e9sence (Ici recommence la Senne -&gt; Sous ces pav\u00e9s, la Senne) et permettre de cr\u00e9er des animations de sensibilisation au cycle de l\u2019eau. L\u2019installation est le d\u00e9clencheur d\u2019un festival de l\u2019eau \u00e0 programmer chaque ann\u00e9e d\u2019occupation.<\/p>\n\n\n\n<p style=\"font-size:10px\"><strong>Haie des Roses<\/strong> et les Ilots V\u00e9g\u00e9taux accueillant les plantations (petits fruits, plantes tinctoriales, plantes m\u00e9dicinales, fleurs mellif\u00e8res) favorable \u00e0 la biodiversit\u00e9 et support \u00e0 activit\u00e9s et \u00e0 p\u00e9dagogie.<br>La Haie des Roses est \u00e9galement le support de communication avec la cr\u00e9ation de morceaux de palissades permettant une visibilit\u00e9 et une m\u00e9diation vers l\u2019ext\u00e9rieur, \u00e0 \u00e9quivalence avec Mur-mur.<\/p>\n\n\n\n<p style=\"font-size:10px\"><strong>Mise en Voiles<\/strong>, des voiles pars\u00e8ment le lieu cr\u00e9ant des espaces prot\u00e9g\u00e9s \u00e0 s\u2019approprier par le public. Certains de ces espaces accueillent des estrades construites en fonction des besoins li\u00e9s aux activit\u00e9s.<\/p>\n\n\n\n<p style=\"font-size:10px\"><strong>Bois de Haltes<\/strong>, des troncs couch\u00e9s sont diss\u00e9min\u00e9s dans l\u2019espace et servent de bancs, ils seront sculpt\u00e9s lors d\u2019un \u00e9v\u00e9nement symposium ouvert \u00e0 des artistes.<\/p>\n\n\n\n<p style=\"font-size:10px\"><strong>Mur-mur<\/strong>, les surfaces murales prennent la parole et deviennent des \u00e9l\u00e9ments de communication graphiques et visuels, notamment \u00e0 travers un travail de fresque murale, et de projections publics.<br>Selon acceptation, une paroi d\u2019escalade y serait install\u00e9.<\/p>\n\n\n\n<p><\/p>\n\n\n\n<p><\/p>\n","protected":false},"excerpt":{"rendered":"<p>Avant Senne jardin r\u00e9g\u00e9n\u00e9ratif socio-culturel Avant Senne est une occupation temporaire, de l&#8217;ancien site de la station Shell de la rue des V\u00e9t\u00e9rinaires (105), conventionn\u00e9e avec la Commune d&#8217;Anderlecht, dans le cadre du Contrat de R\u00e9novation Urbaine 7. Le site est destin\u00e9 \u00e0 devenir l&#8217;entr\u00e9e du futur &#8220;parc des deux gares&#8221;. Du terrain remis \u00e0 [&hellip;]<\/p>\n","protected":false},"author":1,"featured_media":0,"parent":0,"menu_order":0,"comment_status":"closed","ping_status":"closed","template":"","meta":{"footnotes":""},"class_list":["post-269","page","type-page","status-publish","hentry"],"_links":{"self":[{"href":"https:\/\/www.auquai.eu\/index.php\/wp-json\/wp\/v2\/pages\/269","targetHints":{"allow":["GET"]}}],"collection":[{"href":"https:\/\/www.auquai.eu\/index.php\/wp-json\/wp\/v2\/pages"}],"about":[{"href":"https:\/\/www.auquai.eu\/index.php\/wp-json\/wp\/v2\/types\/page"}],"author":[{"embeddable":true,"href":"https:\/\/www.auquai.eu\/index.php\/wp-json\/wp\/v2\/users\/1"}],"replies":[{"embeddable":true,"href":"https:\/\/www.auquai.eu\/index.php\/wp-json\/wp\/v2\/comments?post=269"}],"version-history":[{"count":17,"href":"https:\/\/www.auquai.eu\/index.php\/wp-json\/wp\/v2\/pages\/269\/revisions"}],"predecessor-version":[{"id":313,"href":"https:\/\/www.auquai.eu\/index.php\/wp-json\/wp\/v2\/pages\/269\/revisions\/313"}],"wp:attachment":[{"href":"https:\/\/www.auquai.eu\/index.php\/wp-json\/wp\/v2\/media?parent=269"}],"curies":[{"name":"wp","href":"https:\/\/api.w.org\/{rel}","templated":true}]}}