{"id":2,"date":"2025-03-04T20:56:24","date_gmt":"2025-03-04T19:56:24","guid":{"rendered":"http:\/\/www.auquai.eu\/?page_id=2"},"modified":"2025-06-05T15:26:56","modified_gmt":"2025-06-05T13:26:56","slug":"apropos","status":"publish","type":"page","link":"https:\/\/www.auquai.eu\/index.php\/apropos\/","title":{"rendered":"\u00c0 propos"},"content":{"rendered":"\n<p class=\"has-foreground-color has-text-color has-background has-link-color wp-elements-a15397cc6636ebbc0337892209f8636a\" style=\"background-color:#f78da82b\">Le Collectif AuQuai ASBL est un collectif d\u2019artistes et d\u2019architectes actif depuis 2006 dans le d\u00e9veloppement de projets et d\u2019actions artistiques s\u2019articulant autour de diff\u00e9rents axes : l\u2019occupation et l\u2019activation temporaires d\u2019espaces d\u00e9laiss\u00e9s, la coordination et la r\u00e9alisation d\u2019actions artistiques, socio-culturelles et environnementales dans l\u2019espace public, l\u2019organisation et la gestion \u00e9v\u00e9nementielles.<\/p>\n\n\n\n<p class=\"has-background\" style=\"background-color:#f78da82b\">D\u2019approche contextuelle, \u00ab&nbsp;de terrain&nbsp;\u00bb, po\u00e9tique et sensible, nos actions sont anim\u00e9es par un int\u00e9r\u00eat profond pour la transversalit\u00e9 des disciplines artistiques, leurs partages aupr\u00e8s de tous les publics et les pratiques li\u00e9es \u00e0 l\u2019appropriation de l\u2019espace urbain.<\/p>\n\n\n\n<p class=\"has-background\" style=\"background-color:#f78da82b\">Au fil des diff\u00e9rents projets men\u00e9s \u00e0 Bruxelles, le collectif a d\u00e9velopp\u00e9 une exp\u00e9rience ancr\u00e9e dans le \u00ab&nbsp;faire ville ensemble&nbsp;\u00bb, avec une prise en compte de la diversit\u00e9 du public en milieu urbain et des enjeux sociaux et environnementaux actuels, tout en mettant au centre de chaque projet l\u2019humain et la nature.<br>A l\u2019aide d\u2019une s\u00e9rie d\u2019outils en mobilit\u00e9 douce, le collectif a exp\u00e9riment\u00e9 ces derni\u00e8res ann\u00e9es une attitude de prise de contact direct avec les habitant.e.s, en particulier le public de quartiers populaires, en arpentant les rues bruxelloises pour susciter la rencontre avec des propositions d\u2019actions collectives en faveur d\u2019une am\u00e9lioration du cadre de vie de chacun.e.<\/p>\n\n\n\n<p class=\"has-background\" style=\"background-color:#f78da82b\">Le collectif auQuai a eu la gestion d\u2019un b\u00e2timent (Quai du Hainaut 23, \u00e0 Molenbeek) de 2000 m\u00b2 en occupation temporaire pendant 17 ans, conventionn\u00e9e avec la R\u00e9gie Fonci\u00e8re, puis avec la commune de Molenbeek-Saint-Jean.<br>Ce projet, enti\u00e8rement autog\u00e9r\u00e9, \u00e9tait un lieu ouvert aux habitant.e.s du quartier et des bruxellois.e.s avec des espaces de r\u00e9p\u00e9titions pour les arts performatifs et de rencontres avec une programmation r\u00e9guli\u00e8re d\u2019activit\u00e9s socio-culturelles vari\u00e9es (worshops, soir\u00e9es, spectacles, conf\u00e9rences, colloques, etc\u2026), avec un atelier de d\u00e9veloppement de projets et un jardin suspendu sur le toit g\u00e9r\u00e9s par le collectif au service de leurs projets.<\/p>\n\n\n\n<div class=\"wp-block-columns is-layout-flex wp-container-core-columns-is-layout-9d6595d7 wp-block-columns-is-layout-flex\">\n<div class=\"wp-block-column is-layout-flow wp-block-column-is-layout-flow\">\n<figure class=\"wp-block-image size-full\"><img loading=\"lazy\" decoding=\"async\" width=\"329\" height=\"400\" src=\"http:\/\/www.auquai.eu\/wp-content\/uploads\/2025\/03\/angleauquai.gif\" alt=\"\" class=\"wp-image-91\"\/><\/figure>\n<\/div>\n\n\n\n<div class=\"wp-block-column is-layout-flow wp-block-column-is-layout-flow\"><div class=\"wp-block-image\">\n<figure class=\"aligncenter size-full\"><img loading=\"lazy\" decoding=\"async\" width=\"1000\" height=\"346\" src=\"http:\/\/www.auquai.eu\/wp-content\/uploads\/2025\/03\/banner-location-evenement.gif\" alt=\"\" class=\"wp-image-226\"\/><\/figure>\n<\/div>\n\n\n<p><em>once upon a time&#8230;<\/em><\/p>\n\n\n\n<p class=\"has-text-align-center\"><strong>23 quai du Hainaut<\/strong> &#8211; Molenbeek R\u00e9gion Bruxelles-Capitale<\/p>\n\n\n\n<p class=\"has-text-align-center\"><em>2006-2023<\/em><\/p>\n<\/div>\n\n\n\n<div class=\"wp-block-column is-layout-flow wp-block-column-is-layout-flow\">\n<figure class=\"wp-block-image size-full\"><img loading=\"lazy\" decoding=\"async\" width=\"1000\" height=\"663\" src=\"http:\/\/www.auquai.eu\/wp-content\/uploads\/2025\/03\/lm20160220-028.gif\" alt=\"\" class=\"wp-image-228\"\/><\/figure>\n\n\n\n<p>&#8230;<\/p>\n\n\n\n<figure class=\"wp-block-image size-full\"><img loading=\"lazy\" decoding=\"async\" width=\"623\" height=\"400\" src=\"http:\/\/www.auquai.eu\/wp-content\/uploads\/2025\/03\/sallHautInn.gif\" alt=\"\" class=\"wp-image-93\"\/><\/figure>\n<\/div>\n<\/div>\n\n\n\n<div class=\"wp-block-group\"><div class=\"wp-block-group__inner-container is-layout-constrained wp-block-group-is-layout-constrained\">\n<p class=\"has-background\" style=\"background-color:#f78da82b\">Aujourd\u2019hui, le collectif auQuai a ouvert un nouvel atelier artistique au coeur des Marolles, ainsi qu&#8217;un nouvel espace en ext\u00e9rieur, un jardin artistique, social et culturel, ouvert au public bruxellois, l&#8217;Avant Senne.<\/p>\n<\/div><\/div>\n\n\n\n<p><\/p>\n","protected":false},"excerpt":{"rendered":"<p>Le Collectif AuQuai ASBL est un collectif d\u2019artistes et d\u2019architectes actif depuis 2006 dans le d\u00e9veloppement de projets et d\u2019actions artistiques s\u2019articulant autour de diff\u00e9rents axes : l\u2019occupation et l\u2019activation temporaires d\u2019espaces d\u00e9laiss\u00e9s, la coordination et la r\u00e9alisation d\u2019actions artistiques, socio-culturelles et environnementales dans l\u2019espace public, l\u2019organisation et la gestion \u00e9v\u00e9nementielles. D\u2019approche contextuelle, \u00ab&nbsp;de terrain&nbsp;\u00bb, [&hellip;]<\/p>\n","protected":false},"author":1,"featured_media":0,"parent":0,"menu_order":0,"comment_status":"closed","ping_status":"open","template":"","meta":{"footnotes":""},"class_list":["post-2","page","type-page","status-publish","hentry"],"_links":{"self":[{"href":"https:\/\/www.auquai.eu\/index.php\/wp-json\/wp\/v2\/pages\/2","targetHints":{"allow":["GET"]}}],"collection":[{"href":"https:\/\/www.auquai.eu\/index.php\/wp-json\/wp\/v2\/pages"}],"about":[{"href":"https:\/\/www.auquai.eu\/index.php\/wp-json\/wp\/v2\/types\/page"}],"author":[{"embeddable":true,"href":"https:\/\/www.auquai.eu\/index.php\/wp-json\/wp\/v2\/users\/1"}],"replies":[{"embeddable":true,"href":"https:\/\/www.auquai.eu\/index.php\/wp-json\/wp\/v2\/comments?post=2"}],"version-history":[{"count":18,"href":"https:\/\/www.auquai.eu\/index.php\/wp-json\/wp\/v2\/pages\/2\/revisions"}],"predecessor-version":[{"id":320,"href":"https:\/\/www.auquai.eu\/index.php\/wp-json\/wp\/v2\/pages\/2\/revisions\/320"}],"wp:attachment":[{"href":"https:\/\/www.auquai.eu\/index.php\/wp-json\/wp\/v2\/media?parent=2"}],"curies":[{"name":"wp","href":"https:\/\/api.w.org\/{rel}","templated":true}]}}