{"id":167,"date":"2025-03-13T14:48:52","date_gmt":"2025-03-13T13:48:52","guid":{"rendered":"http:\/\/www.auquai.eu\/?page_id=167"},"modified":"2025-03-19T15:49:20","modified_gmt":"2025-03-19T14:49:20","slug":"marchatonaise","status":"publish","type":"page","link":"https:\/\/www.auquai.eu\/index.php\/marchatonaise\/","title":{"rendered":"Marchatonaise"},"content":{"rendered":"\n<p><strong>March&#8217;\u00e0TonAise<\/strong> revient dans les Marolles pour sa 4\u00e8me \u00e9dition!<\/p>\n\n\n\n<p>Le marathon de la marche lente de Bruxelles.<\/p>\n\n\n\n<p>Rendez-vous le <strong>mercredi 26 mars 2025<\/strong> avec un <strong>d\u00e9part \u00e0 la place de l&#8217;Ep\u00e9e<\/strong> \u00e0 partir de 14h!<\/p>\n\n\n\n<p>A la place de l&#8217;Ep\u00e9e, tu re\u00e7ois un kit de marche et un plan programme.<br>Apr\u00e8s, tu suis le parcours qui t&#8217;emm\u00e8ne visiter les associations, institutions et initiatives citoyennes participantes:<\/p>\n\n\n\n<p class=\"has-black-color has-text-color has-background has-link-color wp-elements-fa97d86799d849f7ce13a03e4a929c99\" style=\"background-color:#fbdce4\">Ateliers Populaires, Potager Terra-Nova, Nativitas, l&#8217;Ep\u00e9e, la Petite Maison, Caci-Querelle, Caria, MJ88, Art &amp; Marges, Les Brigittines, Th\u00e9\u00e2tre Les Tanneurs, Troc &amp; Brol, BRAVVO, SoHab, On a la dalle<\/p>\n\n\n\n<figure class=\"wp-block-image size-full\"><img loading=\"lazy\" decoding=\"async\" width=\"1000\" height=\"306\" src=\"http:\/\/www.auquai.eu\/wp-content\/uploads\/2025\/03\/logospart.gif\" alt=\"\" class=\"wp-image-263\"\/><\/figure>\n\n\n\n<p><br>A 17h30-18h, tu reviens \u00e0 la place de l&#8217;Ep\u00e9e (avec ton plan-programme rempli) pour la remise des prix!<\/p>\n\n\n\n<p class=\"has-vivid-cyan-blue-background-color has-text-color has-background has-link-color wp-elements-6a82518a94e8ad695c7643ff5e4dbd5e\" style=\"color:#fbd7e0\"><strong>March&#8217;\u00e0TonAise 2025<\/strong> c&#8217;est une invitation joyeuse \u00e0 sillonner les rues des Marolles et rendre visite \u00e0 divers lieux sensibles \u00e0 la transition climatique de Bruxelles.<br>D\u00e9couvre des associations, institutions et initiatives citoyennes pendant une apr\u00e8s-midi de partages, d\u2019activit\u00e9s ludiques et de rencontres enrichissantes.<\/p>\n\n\n\n<p>March&#8217;\u00e0TonAise est une proposition du collectif auQuai, dans le cadre de \u201cMarolles Ma Divercit\u00e9\u201d et avec le soutien de la Ville de Bruxelles!<\/p>\n\n\n\n<div class=\"wp-block-columns is-layout-flex wp-container-core-columns-is-layout-9d6595d7 wp-block-columns-is-layout-flex\">\n<div class=\"wp-block-column is-layout-flow wp-block-column-is-layout-flow\">\n<figure class=\"wp-block-image size-large\"><img loading=\"lazy\" decoding=\"async\" width=\"724\" height=\"1024\" src=\"http:\/\/www.auquai.eu\/wp-content\/uploads\/2025\/03\/flyer-marchatonaise-2025-724x1024.gif\" alt=\"\" class=\"wp-image-160\" srcset=\"https:\/\/www.auquai.eu\/wp-content\/uploads\/2025\/03\/flyer-marchatonaise-2025-724x1024.gif 724w, https:\/\/www.auquai.eu\/wp-content\/uploads\/2025\/03\/flyer-marchatonaise-2025-212x300.gif 212w, https:\/\/www.auquai.eu\/wp-content\/uploads\/2025\/03\/flyer-marchatonaise-2025-768x1086.gif 768w\" sizes=\"auto, (max-width: 724px) 100vw, 724px\" \/><\/figure>\n<\/div>\n\n\n\n<div class=\"wp-block-column is-layout-flow wp-block-column-is-layout-flow\">\n<figure class=\"wp-block-image size-full\"><img loading=\"lazy\" decoding=\"async\" width=\"713\" height=\"1000\" src=\"http:\/\/www.auquai.eu\/wp-content\/uploads\/2025\/03\/MMD-2025-recto.gif\" alt=\"\" class=\"wp-image-264\"\/><\/figure>\n<\/div>\n\n\n\n<div class=\"wp-block-column is-layout-flow wp-block-column-is-layout-flow\">\n<figure class=\"wp-block-image size-full\"><img loading=\"lazy\" decoding=\"async\" width=\"705\" height=\"1000\" src=\"http:\/\/www.auquai.eu\/wp-content\/uploads\/2025\/03\/MMD-2025-verso.gif\" alt=\"\" class=\"wp-image-265\"\/><\/figure>\n<\/div>\n<\/div>\n\n\n\n<p><\/p>\n","protected":false},"excerpt":{"rendered":"<p>March&#8217;\u00e0TonAise revient dans les Marolles pour sa 4\u00e8me \u00e9dition! Le marathon de la marche lente de Bruxelles. Rendez-vous le mercredi 26 mars 2025 avec un d\u00e9part \u00e0 la place de l&#8217;Ep\u00e9e \u00e0 partir de 14h! A la place de l&#8217;Ep\u00e9e, tu re\u00e7ois un kit de marche et un plan programme.Apr\u00e8s, tu suis le parcours qui [&hellip;]<\/p>\n","protected":false},"author":1,"featured_media":0,"parent":0,"menu_order":0,"comment_status":"closed","ping_status":"closed","template":"","meta":{"footnotes":""},"class_list":["post-167","page","type-page","status-publish","hentry"],"_links":{"self":[{"href":"https:\/\/www.auquai.eu\/index.php\/wp-json\/wp\/v2\/pages\/167","targetHints":{"allow":["GET"]}}],"collection":[{"href":"https:\/\/www.auquai.eu\/index.php\/wp-json\/wp\/v2\/pages"}],"about":[{"href":"https:\/\/www.auquai.eu\/index.php\/wp-json\/wp\/v2\/types\/page"}],"author":[{"embeddable":true,"href":"https:\/\/www.auquai.eu\/index.php\/wp-json\/wp\/v2\/users\/1"}],"replies":[{"embeddable":true,"href":"https:\/\/www.auquai.eu\/index.php\/wp-json\/wp\/v2\/comments?post=167"}],"version-history":[{"count":5,"href":"https:\/\/www.auquai.eu\/index.php\/wp-json\/wp\/v2\/pages\/167\/revisions"}],"predecessor-version":[{"id":268,"href":"https:\/\/www.auquai.eu\/index.php\/wp-json\/wp\/v2\/pages\/167\/revisions\/268"}],"wp:attachment":[{"href":"https:\/\/www.auquai.eu\/index.php\/wp-json\/wp\/v2\/media?parent=167"}],"curies":[{"name":"wp","href":"https:\/\/api.w.org\/{rel}","templated":true}]}}